{"id":21,"date":"2026-04-06T08:49:19","date_gmt":"2026-04-06T06:49:19","guid":{"rendered":"https:\/\/wyspyprzygod.pl\/?page_id=21"},"modified":"2026-04-07T13:17:32","modified_gmt":"2026-04-07T11:17:32","slug":"strona-glowna","status":"publish","type":"page","link":"https:\/\/wyspyprzygod.pl\/","title":{"rendered":"Strona G\u0142\u00f3wna"},"content":{"rendered":"\n<figure class=\"wp-block-image size-large\"><img fetchpriority=\"high\" decoding=\"async\" width=\"683\" height=\"1024\" src=\"http:\/\/wyspyprzygod.pl\/wp-content\/uploads\/2026\/04\/0E7DCACF-F334-40DC-AEB1-0CD7144D9EE0-683x1024.png\" alt=\"\" class=\"wp-image-55\" srcset=\"https:\/\/wyspyprzygod.pl\/wp-content\/uploads\/2026\/04\/0E7DCACF-F334-40DC-AEB1-0CD7144D9EE0-683x1024.png 683w, https:\/\/wyspyprzygod.pl\/wp-content\/uploads\/2026\/04\/0E7DCACF-F334-40DC-AEB1-0CD7144D9EE0-200x300.png 200w, https:\/\/wyspyprzygod.pl\/wp-content\/uploads\/2026\/04\/0E7DCACF-F334-40DC-AEB1-0CD7144D9EE0-768x1152.png 768w, https:\/\/wyspyprzygod.pl\/wp-content\/uploads\/2026\/04\/0E7DCACF-F334-40DC-AEB1-0CD7144D9EE0-600x900.png 600w, https:\/\/wyspyprzygod.pl\/wp-content\/uploads\/2026\/04\/0E7DCACF-F334-40DC-AEB1-0CD7144D9EE0.png 1024w\" sizes=\"(max-width: 683px) 100vw, 683px\" \/><\/figure>\n\n\n\n<div class=\"inherit-container-width wp-block-group alignfull is-style-ext-preset--group--natural-1--section has-background-background-color has-background is-layout-constrained wp-container-core-group-is-layout-e955bbaf wp-block-group-is-layout-constrained\" style=\"margin-top:0;margin-bottom:0;padding-top:var(--wp--preset--spacing--70);padding-bottom:var(--wp--preset--spacing--70)\">\n<h2 class=\"wp-block-heading has-text-align-center ext-animate--on\">Wyspy Przyg\u00f3d<\/h2>\n\n\n\n<p class=\"has-text-align-center ext-animate--on\" style=\"margin-top:1.5rem\">ebook z gotowymi zabawami i misjami dla dzieci<\/p>\n\n\n\n<div class=\"wp-block-columns alignwide is-layout-flex wp-container-core-columns-is-layout-08c01c1c wp-block-columns-is-layout-flex\">\n<div class=\"wp-block-column is-vertically-aligned-stretch ext-animate--on is-layout-flow wp-container-core-column-is-layout-f5bb311e wp-block-column-is-layout-flow\">\n<div class=\"wp-block-group is-style-ext-preset--group--natural-1--item-card-1--align-center is-layout-constrained wp-block-group-is-layout-constrained\">\n<div class=\"wp-block-group is-style-default is-layout-constrained wp-block-group-is-layout-constrained\">\n<figure class=\"wp-block-image aligncenter size-large ext-aspect-landscape wp-duotone-varpresetduotoneprimary-foreground-1\"><img decoding=\"async\" src=\"data:image\/svg+xml;base64,PHN2ZyB4bWxucz0iaHR0cDovL3d3dy53My5vcmcvMjAwMC9zdmciIHdpZHRoPSI0OCIgaGVpZ2h0PSI0OCIgZmlsbD0iIzAwMDAwMCIgdmlld0JveD0iMCAwIDI1NiAyNTYiPjxwYXRoIGQ9Ik0xNzIsNzZhNDQsNDQsMCwxLDAtNDQsNDRBNDQuMDUsNDQuMDUsMCwwLDAsMTcyLDc2Wm0tNDQsMjhhMjgsMjgsMCwxLDEsMjgtMjhBMjgsMjgsMCwwLDEsMTI4LDEwNFptNjAsMjRhNDQsNDQsMCwxLDAsNDQsNDRBNDQuMDUsNDQuMDUsMCwwLDAsMTg4LDEyOFptMCw3MmEyOCwyOCwwLDEsMSwyOC0yOEEyOCwyOCwwLDAsMSwxODgsMjAwWk02OCwxMjhhNDQsNDQsMCwxLDAsNDQsNDRBNDQuMDUsNDQuMDUsMCwwLDAsNjgsMTI4Wm0wLDcyYTI4LDI4LDAsMSwxLDI4LTI4QTI4LDI4LDAsMCwxLDY4LDIwMFoiPjwvcGF0aD48L3N2Zz4=\" alt=\"\" style=\"object-fit:cover\"\/><\/figure>\n\n\n\n<h3 class=\"wp-block-heading has-text-align-center\">Ekskluzywna jako\u015b\u0107 i niezawodno\u015b\u0107.<\/h3>\n\n\n\n<p class=\"has-text-align-center\">Zapewniamy najwy\u017csz\u0105 jako\u015b\u0107, kt\u00f3ra gwarantuje satysfakcj\u0119 i d\u0142ugotrwa\u0142e korzy\u015bci dla u\u017cytkownik\u00f3w.<\/p>\n<\/div>\n<\/div>\n<\/div>\n\n\n\n<div class=\"wp-block-column is-vertically-aligned-stretch ext-animate--on is-layout-flow wp-container-core-column-is-layout-f5bb311e wp-block-column-is-layout-flow\">\n<div class=\"wp-block-group is-style-ext-preset--group--natural-1--item-card-1--align-center is-layout-constrained wp-block-group-is-layout-constrained\">\n<div class=\"wp-block-group is-style-default is-layout-constrained wp-block-group-is-layout-constrained\">\n<figure class=\"wp-block-image aligncenter size-large ext-aspect-landscape wp-duotone-varpresetduotoneprimary-foreground-2\"><img decoding=\"async\" src=\"data:image\/svg+xml;base64,PHN2ZyB4bWxucz0iaHR0cDovL3d3dy53My5vcmcvMjAwMC9zdmciIHdpZHRoPSI0OCIgaGVpZ2h0PSI0OCIgZmlsbD0iIzAwMDAwMCIgdmlld0JveD0iMCAwIDI1NiAyNTYiPjxwYXRoIGQ9Ik04MCw0MGE0MCw0MCwwLDEsMCw0MCw0MEE0MCw0MCwwLDAsMCw4MCw0MFptMCw2NGEyNCwyNCwwLDEsMSwyNC0yNEEyNCwyNCwwLDAsMSw4MCwxMDRabTk2LDE2YTQwLDQwLDAsMSwwLTQwLTQwQTQwLDQwLDAsMCwwLDE3NiwxMjBabTAtNjRhMjQsMjQsMCwxLDEtMjQsMjRBMjQsMjQsMCwwLDEsMTc2LDU2Wk04MCwxMzZhNDAsNDAsMCwxLDAsNDAsNDBBNDAsNDAsMCwwLDAsODAsMTM2Wm0wLDY0YTI0LDI0LDAsMSwxLDI0LTI0QTI0LDI0LDAsMCwxLDgwLDIwMFptOTYtNjRhNDAsNDAsMCwxLDAsNDAsNDBBNDAsNDAsMCwwLDAsMTc2LDEzNlptMCw2NGEyNCwyNCwwLDEsMSwyNC0yNEEyNCwyNCwwLDAsMSwxNzYsMjAwWiI+PC9wYXRoPjwvc3ZnPg==\" alt=\"\" style=\"object-fit:cover\"\/><\/figure>\n\n\n\n<h3 class=\"wp-block-heading has-text-align-center\">Profesjonalne wsparcie i doradztwo.<\/h3>\n\n\n\n<p class=\"has-text-align-center\">Nasz zesp\u00f3\u0142 ekspert\u00f3w wspiera Ci\u0119 na ka\u017cdym etapie, by zapewni\u0107 optymalne rezultaty i komfort.<\/p>\n<\/div>\n<\/div>\n<\/div>\n\n\n\n<div class=\"wp-block-column is-vertically-aligned-stretch ext-animate--on is-layout-flow wp-container-core-column-is-layout-f5bb311e wp-block-column-is-layout-flow\">\n<div class=\"wp-block-group is-style-ext-preset--group--natural-1--item-card-1--align-center is-layout-constrained wp-block-group-is-layout-constrained\">\n<div class=\"wp-block-group is-style-default is-layout-constrained wp-block-group-is-layout-constrained\">\n<figure class=\"wp-block-image aligncenter size-large ext-aspect-landscape wp-duotone-varpresetduotoneprimary-foreground-3\"><img decoding=\"async\" src=\"data:image\/svg+xml;base64,PHN2ZyB4bWxucz0iaHR0cDovL3d3dy53My5vcmcvMjAwMC9zdmciIHdpZHRoPSI0OCIgaGVpZ2h0PSI0OCIgZmlsbD0iIzAwMDAwMCIgdmlld0JveD0iMCAwIDI1NiAyNTYiPjxwYXRoIGQ9Ik04MCw0MGE0MCw0MCwwLDEsMCw0MCw0MEE0MCw0MCwwLDAsMCw4MCw0MFptMCw2NGEyNCwyNCwwLDEsMSwyNC0yNEEyNCwyNCwwLDAsMSw4MCwxMDRabTk2LDE2YTQwLDQwLDAsMSwwLTQwLTQwQTQwLDQwLDAsMCwwLDE3NiwxMjBabTAtNjRhMjQsMjQsMCwxLDEtMjQsMjRBMjQsMjQsMCwwLDEsMTc2LDU2Wk04MCwxMzZhNDAsNDAsMCwxLDAsNDAsNDBBNDAsNDAsMCwwLDAsODAsMTM2Wm0wLDY0YTI0LDI0LDAsMSwxLDI0LTI0QTI0LDI0LDAsMCwxLDgwLDIwMFptMTM2LTI0YTgsOCwwLDAsMS04LDhIMTg0djI0YTgsOCwwLDAsMS0xNiwwVjE4NEgxNDRhOCw4LDAsMCwxLDAtMTZoMjRWMTQ0YTgsOCwwLDAsMSwxNiwwdjI0aDI0QTgsOCwwLDAsMSwyMTYsMTc2WiI+PC9wYXRoPjwvc3ZnPg==\" alt=\"\" style=\"object-fit:cover\"\/><\/figure>\n\n\n\n<h3 class=\"wp-block-heading has-text-align-center\">Innowacyjne rozwi\u0105zania technologiczne.<\/h3>\n\n\n\n<p class=\"has-text-align-center\">Nowoczesne technologie usprawniaj\u0105 procesy, zwi\u0119kszaj\u0105c efektywno\u015b\u0107 i wygod\u0119 korzystania z naszych us\u0142ug.<\/p>\n<\/div>\n<\/div>\n<\/div>\n<\/div>\n\n\n\n<div class=\"wp-block-buttons ext-animate--on is-content-justification-center is-layout-flex wp-container-core-buttons-is-layout-a89b3969 wp-block-buttons-is-layout-flex\">\n<div class=\"wp-block-button is-style-ext-preset--button--natural-1--button-1\"><a class=\"wp-block-button__link wp-element-button\" href=\"#\">Poznaj szczeg\u00f3\u0142y<\/a><\/div>\n<\/div>\n<\/div>\n\n\n\n<div class=\"inherit-container-width wp-block-group alignfull is-style-ext-preset--group--natural-1--section has-tertiary-background-color has-background is-layout-constrained wp-container-core-group-is-layout-6714b1d7 wp-block-group-is-layout-constrained\" style=\"margin-top:0;margin-bottom:0;padding-top:var(--wp--preset--spacing--70);padding-bottom:var(--wp--preset--spacing--70)\">\n<h2 class=\"wp-block-heading has-text-align-center ext-animate--on\">Poznaj nasz\u0105 misj\u0119 oraz cele, kt\u00f3re nap\u0119dzaj\u0105 nasz\u0105 firm\u0119.<\/h2>\n\n\n\n<p class=\"has-text-align-center ext-animate--on\" style=\"margin-top:1.5rem\">Tutaj prezentujemy kluczowe warto\u015bci i cele naszej firmy, kt\u00f3re definiuj\u0105 nasze dzia\u0142ania i strategiczny kierunek rozwoju.<\/p>\n\n\n\n<div class=\"wp-block-columns alignwide is-layout-flex wp-container-core-columns-is-layout-28f84493 wp-block-columns-is-layout-flex\">\n<div class=\"wp-block-column ext-animate--on is-layout-flow wp-block-column-is-layout-flow\">\n<figure class=\"wp-block-image is-style-ext-preset-image-natural-1-image-1--content-bottom is-style-ext-preset--image--natural-1--image-1--content-bottom\"><img decoding=\"async\" width=\"1440\" height=\"720\" src=\"http:\/\/wyspyprzygod.pl\/wp-content\/uploads\/2026\/04\/4b1ad7a59d6abdddf95182b9578ae01d4e1bad3f.jpg\" alt=\"\" class=\"wp-image-15\" style=\"aspect-ratio:3\/4;object-fit:cover\" srcset=\"https:\/\/wyspyprzygod.pl\/wp-content\/uploads\/2026\/04\/4b1ad7a59d6abdddf95182b9578ae01d4e1bad3f.jpg 1440w, https:\/\/wyspyprzygod.pl\/wp-content\/uploads\/2026\/04\/4b1ad7a59d6abdddf95182b9578ae01d4e1bad3f-600x300.jpg 600w, https:\/\/wyspyprzygod.pl\/wp-content\/uploads\/2026\/04\/4b1ad7a59d6abdddf95182b9578ae01d4e1bad3f-300x150.jpg 300w, https:\/\/wyspyprzygod.pl\/wp-content\/uploads\/2026\/04\/4b1ad7a59d6abdddf95182b9578ae01d4e1bad3f-1024x512.jpg 1024w, https:\/\/wyspyprzygod.pl\/wp-content\/uploads\/2026\/04\/4b1ad7a59d6abdddf95182b9578ae01d4e1bad3f-768x384.jpg 768w\" sizes=\"(max-width: 1440px) 100vw, 1440px\" \/><\/figure>\n<\/div>\n\n\n\n<div class=\"wp-block-column ext-animate--on is-layout-flow wp-block-column-is-layout-flow\">\n<figure class=\"wp-block-image is-style-ext-preset-image-natural-1-image-1--content-bottom is-style-ext-preset--image--natural-1--image-1--content-bottom\"><img decoding=\"async\" width=\"1440\" height=\"720\" src=\"http:\/\/wyspyprzygod.pl\/wp-content\/uploads\/2026\/04\/284991dcb64bf6f9d18b9cd2931430e3f9703dee.jpg\" alt=\"\" class=\"wp-image-30\" style=\"aspect-ratio:3\/4;object-fit:cover\" srcset=\"https:\/\/wyspyprzygod.pl\/wp-content\/uploads\/2026\/04\/284991dcb64bf6f9d18b9cd2931430e3f9703dee.jpg 1440w, https:\/\/wyspyprzygod.pl\/wp-content\/uploads\/2026\/04\/284991dcb64bf6f9d18b9cd2931430e3f9703dee-600x300.jpg 600w, https:\/\/wyspyprzygod.pl\/wp-content\/uploads\/2026\/04\/284991dcb64bf6f9d18b9cd2931430e3f9703dee-300x150.jpg 300w, https:\/\/wyspyprzygod.pl\/wp-content\/uploads\/2026\/04\/284991dcb64bf6f9d18b9cd2931430e3f9703dee-1024x512.jpg 1024w, https:\/\/wyspyprzygod.pl\/wp-content\/uploads\/2026\/04\/284991dcb64bf6f9d18b9cd2931430e3f9703dee-768x384.jpg 768w\" sizes=\"(max-width: 1440px) 100vw, 1440px\" \/><\/figure>\n<\/div>\n\n\n\n<div class=\"wp-block-column ext-animate--on is-layout-flow wp-block-column-is-layout-flow\">\n<figure class=\"wp-block-image is-style-ext-preset-image-natural-1-image-1--content-bottom is-style-ext-preset--image--natural-1--image-1--content-bottom\"><img loading=\"lazy\" decoding=\"async\" width=\"1440\" height=\"720\" src=\"http:\/\/wyspyprzygod.pl\/wp-content\/uploads\/2026\/04\/c8896ba92e23d1da9ebf960c264c81e7ad47eec3.jpg\" alt=\"\" class=\"wp-image-16\" style=\"aspect-ratio:3\/4;object-fit:cover\" srcset=\"https:\/\/wyspyprzygod.pl\/wp-content\/uploads\/2026\/04\/c8896ba92e23d1da9ebf960c264c81e7ad47eec3.jpg 1440w, https:\/\/wyspyprzygod.pl\/wp-content\/uploads\/2026\/04\/c8896ba92e23d1da9ebf960c264c81e7ad47eec3-600x300.jpg 600w, https:\/\/wyspyprzygod.pl\/wp-content\/uploads\/2026\/04\/c8896ba92e23d1da9ebf960c264c81e7ad47eec3-300x150.jpg 300w, https:\/\/wyspyprzygod.pl\/wp-content\/uploads\/2026\/04\/c8896ba92e23d1da9ebf960c264c81e7ad47eec3-1024x512.jpg 1024w, https:\/\/wyspyprzygod.pl\/wp-content\/uploads\/2026\/04\/c8896ba92e23d1da9ebf960c264c81e7ad47eec3-768x384.jpg 768w\" sizes=\"(max-width: 1440px) 100vw, 1440px\" \/><\/figure>\n<\/div>\n<\/div>\n<\/div>\n\n\n\n<div class=\"inherit-container-width wp-block-group alignfull is-style-ext-preset--group--natural-1--section has-background-background-color has-background is-layout-constrained wp-container-core-group-is-layout-e955bbaf wp-block-group-is-layout-constrained\" style=\"margin-top:0;margin-bottom:0;padding-top:var(--wp--preset--spacing--70);padding-bottom:var(--wp--preset--spacing--70)\">\n<div class=\"wp-block-group alignwide ext-is-logical-start is-content-justification-left is-layout-constrained wp-container-core-group-is-layout-6729bdbe wp-block-group-is-layout-constrained\">\n<h2 class=\"wp-block-heading ext-animate--on\">Przegl\u0105d najwa\u017cniejszych wska\u017anik\u00f3w<\/h2>\n\n\n\n<p class=\"has-text-align-left ext-animate--on\">Ta cz\u0119\u015b\u0107 prezentuje kluczowe dane, kt\u00f3re ukazuj\u0105 nasze osi\u0105gni\u0119cia i efektywno\u015b\u0107.<\/p>\n<\/div>\n\n\n\n<div class=\"wp-block-columns alignwide is-layout-flex wp-container-core-columns-is-layout-174606dc wp-block-columns-is-layout-flex\">\n<div class=\"wp-block-column is-vertically-aligned-center is-layout-flow wp-block-column-is-layout-flow\">\n<div class=\"wp-block-columns is-layout-flex wp-container-core-columns-is-layout-28f84493 wp-block-columns-is-layout-flex\">\n<div class=\"wp-block-column is-vertically-aligned-stretch ext-animate--on is-layout-flow wp-block-column-is-layout-flow\">\n<div class=\"wp-block-group is-style-ext-preset--group--natural-1--item-card-1--align-start is-layout-constrained wp-block-group-is-layout-constrained\">\n<div class=\"wp-block-group is-style-default is-layout-constrained wp-block-group-is-layout-constrained\">\n<h3 class=\"wp-block-heading has-primary-color has-text-color has-link-color has-x-large-font-size wp-elements-c2c5c9665dc48fd125f5b7f6ee5e51db\">145<\/h3>\n\n\n\n<h3 class=\"wp-block-heading\">G\u0142\u00f3wna metryka<\/h3>\n\n\n\n<p>Opis ten przedstawia szczeg\u00f3\u0142owo nasz\u0105 najwa\u017cniejsz\u0105 metryk\u0119.<\/p>\n<\/div>\n<\/div>\n<\/div>\n\n\n\n<div class=\"wp-block-column is-vertically-aligned-stretch ext-animate--on is-layout-flow wp-block-column-is-layout-flow\">\n<div class=\"wp-block-group is-style-ext-preset--group--natural-1--item-card-1--align-start is-layout-constrained wp-block-group-is-layout-constrained\">\n<div class=\"wp-block-group is-style-default is-layout-constrained wp-block-group-is-layout-constrained\">\n<h3 class=\"wp-block-heading has-primary-color has-text-color has-link-color has-x-large-font-size wp-elements-d30fefd3e4215da948b1b051ad4cf222\">230<\/h3>\n\n\n\n<h3 class=\"wp-block-heading\">Drugi wska\u017anik<\/h3>\n\n\n\n<p>Opis ten prezentuje kolejn\u0105 istotn\u0105 metryk\u0119 efektywno\u015bci.<\/p>\n<\/div>\n<\/div>\n<\/div>\n<\/div>\n\n\n\n<div class=\"wp-block-columns is-layout-flex wp-container-core-columns-is-layout-28f84493 wp-block-columns-is-layout-flex\">\n<div class=\"wp-block-column is-vertically-aligned-stretch ext-animate--on is-layout-flow wp-block-column-is-layout-flow\">\n<div class=\"wp-block-group is-style-ext-preset--group--natural-1--item-card-1--align-start is-layout-constrained wp-block-group-is-layout-constrained\">\n<div class=\"wp-block-group is-style-default is-layout-constrained wp-block-group-is-layout-constrained\">\n<h3 class=\"wp-block-heading has-primary-color has-text-color has-link-color has-x-large-font-size wp-elements-52489d4c6957c0b972a4b7bace32c752\">310<\/h3>\n\n\n\n<h3 class=\"wp-block-heading\">Trzecia metryka<\/h3>\n\n\n\n<p>Ten opis wskazuje na znacz\u0105cy wska\u017anik sukcesu.<\/p>\n<\/div>\n<\/div>\n<\/div>\n\n\n\n<div class=\"wp-block-column is-vertically-aligned-stretch ext-animate--on is-layout-flow wp-block-column-is-layout-flow\">\n<div class=\"wp-block-group is-style-ext-preset--group--natural-1--item-card-1--align-start is-layout-constrained wp-block-group-is-layout-constrained\">\n<div class=\"wp-block-group is-style-default is-layout-constrained wp-block-group-is-layout-constrained\">\n<h3 class=\"wp-block-heading has-primary-color has-text-color has-link-color has-x-large-font-size wp-elements-0112c9aaf7e2d996e6599121a18dfe44\">420<\/h3>\n\n\n\n<h3 class=\"wp-block-heading\">Czwarty wska\u017anik<\/h3>\n\n\n\n<p>Opis szczeg\u00f3\u0142owo omawia czwart\u0105 kluczow\u0105 statystyk\u0119.<\/p>\n<\/div>\n<\/div>\n<\/div>\n<\/div>\n<\/div>\n\n\n\n<div class=\"wp-block-column is-vertically-aligned-stretch ext-animate--on is-layout-flow wp-container-core-column-is-layout-119bc444 wp-block-column-is-layout-flow\">\n<div class=\"wp-block-cover is-style-ext-preset--image--natural-1--image-1--content-bottom\" style=\"padding-top:0;padding-bottom:0;min-height:100%;aspect-ratio:unset;\"><img loading=\"lazy\" decoding=\"async\" width=\"1440\" height=\"720\" class=\"wp-block-cover__image-background wp-image-13\" alt=\"\" src=\"http:\/\/wyspyprzygod.pl\/wp-content\/uploads\/2026\/04\/2533697c36423f48c9d3eceb991542adfb7d3fab.jpg\" data-object-fit=\"cover\" srcset=\"https:\/\/wyspyprzygod.pl\/wp-content\/uploads\/2026\/04\/2533697c36423f48c9d3eceb991542adfb7d3fab.jpg 1440w, https:\/\/wyspyprzygod.pl\/wp-content\/uploads\/2026\/04\/2533697c36423f48c9d3eceb991542adfb7d3fab-600x300.jpg 600w, https:\/\/wyspyprzygod.pl\/wp-content\/uploads\/2026\/04\/2533697c36423f48c9d3eceb991542adfb7d3fab-300x150.jpg 300w, https:\/\/wyspyprzygod.pl\/wp-content\/uploads\/2026\/04\/2533697c36423f48c9d3eceb991542adfb7d3fab-1024x512.jpg 1024w, https:\/\/wyspyprzygod.pl\/wp-content\/uploads\/2026\/04\/2533697c36423f48c9d3eceb991542adfb7d3fab-768x384.jpg 768w\" sizes=\"(max-width: 1440px) 100vw, 1440px\" \/><span aria-hidden=\"true\" class=\"wp-block-cover__background has-background-dim-0 has-background-dim\"><\/span><div class=\"wp-block-cover__inner-container is-layout-flow wp-block-cover-is-layout-flow\">\n<div style=\"height:240px\" aria-hidden=\"true\" class=\"wp-block-spacer\"><\/div>\n<\/div><\/div>\n<\/div>\n<\/div>\n<\/div>\n\n\n\n<div class=\"inherit-container-width wp-block-group alignfull is-style-ext-preset--group--natural-1--section has-tertiary-background-color has-background is-layout-constrained wp-container-core-group-is-layout-e96f6837 wp-block-group-is-layout-constrained\" style=\"margin-top:0;margin-bottom:0;padding-top:0;padding-right:0;padding-bottom:0;padding-left:0\">\n<div class=\"wp-block-cover alignfull is-style-ext-preset--cover--natural-1--cover-overlay-1\" style=\"padding-top:var(--wp--preset--spacing--70);padding-right:var(--wp--preset--spacing--30);padding-bottom:var(--wp--preset--spacing--70);padding-left:var(--wp--preset--spacing--30)\"><img loading=\"lazy\" decoding=\"async\" width=\"960\" height=\"1440\" class=\"wp-block-cover__image-background wp-image-31\" alt=\"\" src=\"http:\/\/wyspyprzygod.pl\/wp-content\/uploads\/2026\/04\/6d2bb7389bf2b53687386a0f0b1563c8d4ecdd6d.jpg\" data-object-fit=\"cover\" srcset=\"https:\/\/wyspyprzygod.pl\/wp-content\/uploads\/2026\/04\/6d2bb7389bf2b53687386a0f0b1563c8d4ecdd6d.jpg 960w, https:\/\/wyspyprzygod.pl\/wp-content\/uploads\/2026\/04\/6d2bb7389bf2b53687386a0f0b1563c8d4ecdd6d-600x900.jpg 600w, https:\/\/wyspyprzygod.pl\/wp-content\/uploads\/2026\/04\/6d2bb7389bf2b53687386a0f0b1563c8d4ecdd6d-200x300.jpg 200w, https:\/\/wyspyprzygod.pl\/wp-content\/uploads\/2026\/04\/6d2bb7389bf2b53687386a0f0b1563c8d4ecdd6d-683x1024.jpg 683w, https:\/\/wyspyprzygod.pl\/wp-content\/uploads\/2026\/04\/6d2bb7389bf2b53687386a0f0b1563c8d4ecdd6d-768x1152.jpg 768w\" sizes=\"(max-width: 960px) 100vw, 960px\" \/><span aria-hidden=\"true\" class=\"wp-block-cover__background has-background-dim-80 has-background-dim\" style=\"background-color:#010101\"><\/span><div class=\"wp-block-cover__inner-container is-layout-constrained wp-container-core-cover-is-layout-5cffc2c1 wp-block-cover-is-layout-constrained\">\n<div class=\"wp-block-group alignwide is-vertical is-content-justification-center is-layout-flex wp-container-core-group-is-layout-c9ee0c5a wp-block-group-is-layout-flex\">\n<div class=\"wp-block-group is-layout-constrained wp-container-core-group-is-layout-2287c683 wp-block-group-is-layout-constrained\">\n<h2 class=\"wp-block-heading has-text-align-center ext-animate--on\">Rozpocznij swoj\u0105 przygod\u0119 z nami ju\u017c teraz.<\/h2>\n\n\n\n<p class=\"has-text-align-center ext-animate--on\">Zapraszamy do zapoznania si\u0119 z nasz\u0105 ofert\u0105, kt\u00f3ra przyniesie Ci realne korzy\u015bci i u\u0142atwi osi\u0105gni\u0119cie cel\u00f3w. Skorzystaj z prostych wskaz\u00f3wek, aby zaanga\u017cowa\u0107 si\u0119 i rozwija\u0107 razem z nami.<\/p>\n<\/div>\n\n\n\n<div class=\"wp-block-buttons is-layout-flex wp-block-buttons-is-layout-flex\">\n<div class=\"wp-block-button is-style-ext-preset--button--natural-1--button-1\"><a class=\"wp-block-button__link wp-element-button\" href=\"#\">Poznaj szczeg\u00f3\u0142y<\/a><\/div>\n<\/div>\n<\/div>\n<\/div><\/div>\n<\/div>\n\n\n\n<p><\/p>\n","protected":false},"excerpt":{"rendered":"<p>Wyspy Przyg\u00f3d ebook z gotowymi zabawami i misjami dla dzieci Ekskluzywna jako\u015b\u0107 i niezawodno\u015b\u0107. Zapewniamy najwy\u017csz\u0105 jako\u015b\u0107, kt\u00f3ra gwarantuje satysfakcj\u0119 [&hellip;]<\/p>\n","protected":false},"author":1,"featured_media":0,"parent":0,"menu_order":0,"comment_status":"closed","ping_status":"closed","template":"","meta":{"_uag_custom_page_level_css":"","site-sidebar-layout":"default","site-content-layout":"","ast-site-content-layout":"default","site-content-style":"default","site-sidebar-style":"default","ast-global-header-display":"","ast-banner-title-visibility":"","ast-main-header-display":"","ast-hfb-above-header-display":"","ast-hfb-below-header-display":"","ast-hfb-mobile-header-display":"","site-post-title":"","ast-breadcrumbs-content":"","ast-featured-img":"","footer-sml-layout":"","ast-disable-related-posts":"","theme-transparent-header-meta":"","adv-header-id-meta":"","stick-header-meta":"","header-above-stick-meta":"","header-main-stick-meta":"","header-below-stick-meta":"","astra-migrate-meta-layouts":"default","ast-page-background-enabled":"default","ast-page-background-meta":{"desktop":{"background-color":"var(--ast-global-color-5)","background-image":"","background-repeat":"repeat","background-position":"center center","background-size":"auto","background-attachment":"scroll","background-type":"","background-media":"","overlay-type":"","overlay-color":"","overlay-opacity":"","overlay-gradient":""},"tablet":{"background-color":"","background-image":"","background-repeat":"repeat","background-position":"center center","background-size":"auto","background-attachment":"scroll","background-type":"","background-media":"","overlay-type":"","overlay-color":"","overlay-opacity":"","overlay-gradient":""},"mobile":{"background-color":"","background-image":"","background-repeat":"repeat","background-position":"center center","background-size":"auto","background-attachment":"scroll","background-type":"","background-media":"","overlay-type":"","overlay-color":"","overlay-opacity":"","overlay-gradient":""}},"ast-content-background-meta":{"desktop":{"background-color":"var(--ast-global-color-4)","background-image":"","background-repeat":"repeat","background-position":"center center","background-size":"auto","background-attachment":"scroll","background-type":"","background-media":"","overlay-type":"","overlay-color":"","overlay-opacity":"","overlay-gradient":""},"tablet":{"background-color":"var(--ast-global-color-4)","background-image":"","background-repeat":"repeat","background-position":"center center","background-size":"auto","background-attachment":"scroll","background-type":"","background-media":"","overlay-type":"","overlay-color":"","overlay-opacity":"","overlay-gradient":""},"mobile":{"background-color":"var(--ast-global-color-4)","background-image":"","background-repeat":"repeat","background-position":"center center","background-size":"auto","background-attachment":"scroll","background-type":"","background-media":"","overlay-type":"","overlay-color":"","overlay-opacity":"","overlay-gradient":""}},"footnotes":""},"class_list":["post-21","page","type-page","status-publish","hentry"],"uagb_featured_image_src":{"full":false,"thumbnail":false,"medium":false,"medium_large":false,"large":false,"1536x1536":false,"2048x2048":false,"woocommerce_thumbnail":false,"woocommerce_single":false,"woocommerce_gallery_thumbnail":false},"uagb_author_info":{"display_name":"admin","author_link":"https:\/\/wyspyprzygod.pl\/index.php\/author\/admin\/"},"uagb_comment_info":0,"uagb_excerpt":"Wyspy Przyg\u00f3d ebook z gotowymi zabawami i misjami dla dzieci Ekskluzywna jako\u015b\u0107 i niezawodno\u015b\u0107. Zapewniamy najwy\u017csz\u0105 jako\u015b\u0107, kt\u00f3ra gwarantuje satysfakcj\u0119 [&hellip;]","jetpack_sharing_enabled":true,"_links":{"self":[{"href":"https:\/\/wyspyprzygod.pl\/index.php\/wp-json\/wp\/v2\/pages\/21","targetHints":{"allow":["GET"]}}],"collection":[{"href":"https:\/\/wyspyprzygod.pl\/index.php\/wp-json\/wp\/v2\/pages"}],"about":[{"href":"https:\/\/wyspyprzygod.pl\/index.php\/wp-json\/wp\/v2\/types\/page"}],"author":[{"embeddable":true,"href":"https:\/\/wyspyprzygod.pl\/index.php\/wp-json\/wp\/v2\/users\/1"}],"replies":[{"embeddable":true,"href":"https:\/\/wyspyprzygod.pl\/index.php\/wp-json\/wp\/v2\/comments?post=21"}],"version-history":[{"count":4,"href":"https:\/\/wyspyprzygod.pl\/index.php\/wp-json\/wp\/v2\/pages\/21\/revisions"}],"predecessor-version":[{"id":56,"href":"https:\/\/wyspyprzygod.pl\/index.php\/wp-json\/wp\/v2\/pages\/21\/revisions\/56"}],"wp:attachment":[{"href":"https:\/\/wyspyprzygod.pl\/index.php\/wp-json\/wp\/v2\/media?parent=21"}],"curies":[{"name":"wp","href":"https:\/\/api.w.org\/{rel}","templated":true}]}}